{"id":5,"date":"2023-08-01T13:34:29","date_gmt":"2023-08-01T11:34:29","guid":{"rendered":"https:\/\/local.crespronix.se\/?page_id=5"},"modified":"2025-06-11T11:29:03","modified_gmt":"2025-06-11T09:29:03","slug":"hem","status":"publish","type":"page","link":"https:\/\/www.cresponix.se\/en\/","title":{"rendered":"Hem"},"content":{"rendered":"<img loading=\"lazy\" decoding=\"async\" src=\"https:\/\/www.cresponix.se\/wp-content\/uploads\/2023\/08\/logo.png\" alt=\"logo\" itemprop=\"image\" height=\"500\" width=\"500\" title=\"logo\" onerror=\"this.style.display='none'\"  \/>\n\t\t\t\t<img loading=\"lazy\" decoding=\"async\" src=\"https:\/\/www.cresponix.se\/wp-content\/uploads\/2023\/08\/logo.png\" alt=\"logo\" itemprop=\"image\" height=\"500\" width=\"500\" title=\"logo\" onerror=\"this.style.display='none'\"  \/>\n<h3>\n\t\tWhat is Cresponix?\n\t<\/h3>\n\t<p>Cresponix is a <strong>patented<\/strong> technology for waste treatment and feed production for aquaculture, combined with our self-developed infrastructure for land-based aquaculture.<\/p>\n<p>The patent enables farming of fish and shrimp where <strong>100% of the residual products<\/strong> in the form of feces and water are recycled, as well as the use of a locally produced and<strong> sustainable feed<\/strong>.<\/p>\n\t<p>Cresponix \u00e4r inte s\u00e5 kallat &#8221;RAS&#8221;, v\u00e5r teknik \u00e4r baserad p\u00e5 l\u00f6sningar via mikrobiologi- och fermentationsteknik.<\/p>\n<p>&#8211; Cresponix minskar produktionskostnaden.<\/p>\n<p>&#8211;\u00a0 Ger \u00f6verl\u00e4gsen djurv\u00e4lf\u00e4rd.<\/p>\n\t\t\t\t<img loading=\"lazy\" decoding=\"async\" src=\"https:\/\/www.cresponix.se\/wp-content\/uploads\/2023\/08\/Untitled-1industri.png\" alt=\"Untitled-1industri\" itemprop=\"image\" height=\"200\" width=\"300\" title=\"Untitled-1industri\" onerror=\"this.style.display='none'\"  \/>\n\t\t\t\t<img loading=\"lazy\" decoding=\"async\" src=\"https:\/\/www.cresponix.se\/wp-content\/uploads\/2025\/06\/medfinans-eu.webp\" alt=\"medfinans-eu\" itemprop=\"image\" height=\"200\" width=\"300\" title=\"medfinans-eu\" onerror=\"this.style.display='none'\"  \/>\n\t\t\t\t<img loading=\"lazy\" decoding=\"async\" src=\"https:\/\/www.cresponix.se\/wp-content\/uploads\/2023\/08\/Untitled-1krets.png\" alt=\"Untitled-1krets\" itemprop=\"image\" height=\"200\" width=\"300\" title=\"Untitled-1krets\" onerror=\"this.style.display='none'\"  \/>\n<h3>\n\t\tWhat we are going to accomplish!\n\t<\/h3>\n\t<p><strong>Aquaculture is a resource-efficient way to produce healthy and protein-rich food.<\/strong><\/p>\n<p>However, today's aquaculture has usually unsustainable challenges within feed and animal welfare.<\/p>\n\t\t\t\t<img loading=\"lazy\" decoding=\"async\" src=\"https:\/\/www.cresponix.se\/wp-content\/uploads\/2023\/08\/cresponix-iIM_cad3-fish-150x150.png\" alt=\"cresponix-iIM_cad3-fish\" itemprop=\"image\" height=\"150\" width=\"150\" title=\"cresponix-iIM_cad3-fish\" onerror=\"this.style.display='none'\"  \/>\n\t\t\n\t\t\t<h3>Fiskodling<\/h3>\n<p>Global market 2,670 billion SEK.<\/p>\n\t<p>Cresponix solves the challenges at feed and animal welfare and at the same time provides  lower production cost.<\/p>\n<p>Cresponix is \u200b\u200ba technology provider. We sell our technology through a licensing model or through joint ventures. We deliver technology for warm-water fish and shrimp, primarily vannamei shrimp and tilapia.<\/p>\n\t\t\t\t<img loading=\"lazy\" decoding=\"async\" src=\"https:\/\/www.cresponix.se\/wp-content\/uploads\/2023\/08\/cresponix-iIM_cad3-150x150.png\" alt=\"cresponix-iIM_cad3\" itemprop=\"image\" height=\"150\" width=\"150\" title=\"cresponix-iIM_cad3\" onerror=\"this.style.display='none'\"  \/>\n\t\t\n\t\t\t<h3>R\u00e4kodling<\/h3>\n<p>Global market 480 billion SEK.<\/p>\n\t\t\t\t<img loading=\"lazy\" decoding=\"async\" src=\"https:\/\/www.cresponix.se\/wp-content\/uploads\/2023\/08\/Untitled.png\" alt=\"Untitled\" itemprop=\"image\" height=\"1457\" width=\"1920\" title=\"Untitled\" onerror=\"this.style.display='none'\"  \/>\n\t\t\t\t<img loading=\"lazy\" decoding=\"async\" src=\"https:\/\/www.cresponix.se\/wp-content\/uploads\/2023\/08\/resized-shrimpimg.png\" alt=\"resized-shrimpimg\" itemprop=\"image\" height=\"1457\" width=\"1920\" title=\"resized-shrimpimg\" onerror=\"this.style.display='none'\"  \/>\n\t<h3>What have we done so far?<\/h3>\n<strong>The founders have since 2005<\/strong><br \/>\n<strong>verified the technology by:<\/strong>\n\u2022 Published research from the Sweden\u2019s Agricultural University.<br \/>\n\u2022 Etablerat 19 kommersiella fisk- och r\u00e4kodlingar i Sydamerika och Afrika, idag fortfarande operativa och konkurrenskraftiga.<br \/>\n\u2022 The biggest establishment delivers 5 000 tonnes of scampi per year.\n<p>\u2022 In 2020, Cresponix was founded, to target sales of the technology to cold climate markets, with a first focus on Europe.<\/p>\n\t\t\t\t<img loading=\"lazy\" decoding=\"async\" src=\"https:\/\/www.cresponix.se\/wp-content\/uploads\/2023\/08\/Untitled-rak.png\" alt=\"Untitled-ra\u0308k\" itemprop=\"image\" height=\"1920\" width=\"1263\" title=\"Untitled-ra\u0308k\" onerror=\"this.style.display='none'\"  \/>\n\t<h3>Now for cold climate!<\/h3>\n<p><strong>Together with the product locally produced <\/strong><strong>scampi, the technology will be verified on a commercial scale in Europe.<\/strong><\/p>\n<p><strong>Why scampi?<\/strong><\/p>\n\u2022 Low competition, basically 100% imports into  EU.<br \/>\n\u2022 Strong demand for a European-grown scampi from leading wholesalers.<br \/>\n\u2022 Strong awareness in Europe how today's scampi farmed in the tropics destroys the local environments.<br \/>\n\u2022 High margins, compared to fish.\n<h3>\n\t\tCresponix today\n\t<\/h3>\n\t\t\t\t<img loading=\"lazy\" decoding=\"async\" src=\"https:\/\/www.cresponix.se\/wp-content\/uploads\/2023\/08\/Untitled-fabrik.png\" alt=\"Untitled-fabrik\" itemprop=\"image\" height=\"1535\" width=\"3427\" title=\"Untitled-fabrik\" onerror=\"this.style.display='none'\"  \/>\n\t<p>V\u00e5rt huvudkontor ligger i Sverige, i staden V\u00e4stervik. H\u00e4r har vi en 250m\u00b2 FoU-anl\u00e4ggning f\u00f6r v\u00e5r teknologi. Huvudfokuset just nu \u00e4r att vidareutveckla teknologin mot maskininl\u00e4rning och AI i samarbete med svenska universitet.<\/p>\n<h3>\n\t\tAlternative technology in Europe\n\t<\/h3>\n\t\t\t\t<img loading=\"lazy\" decoding=\"async\" src=\"https:\/\/www.cresponix.se\/wp-content\/uploads\/2023\/08\/Ras-tec-Untitled.png\" alt=\"Ras tec Untitled\" itemprop=\"image\" height=\"2012\" width=\"3545\" title=\"Ras tec Untitled\" onerror=\"this.style.display='none'\"  \/>\n\t\u2022 Waste management technology that usually <strong>increases<br \/>\nthe cost of  production<\/strong>\n\u2022 The technology itself <strong>does not have<\/strong> a solution to<br \/>\nreach sustainable and cheap feed\n<p>\u2022 Waste management is power by <strong>electricity<\/strong><\/p>\n\t\t\t\t<img loading=\"lazy\" decoding=\"async\" src=\"https:\/\/www.cresponix.se\/wp-content\/uploads\/2023\/08\/cresponix.png\" alt=\"cresponix\" itemprop=\"image\" height=\"2012\" width=\"3545\" title=\"cresponix\" onerror=\"this.style.display='none'\"  \/>\n\t\u2022 Waste management technology that <strong>reduces<br \/>\nthe cost of  production\u00a0<\/strong>\n\u2022 Enables the use of <strong>sustainable &amp;<br \/>\ncompetitive feed<\/strong>\n<p>\u2022 Waste management is power by <strong>waste heat<\/strong><\/p>\n\t\t\t\t<img loading=\"lazy\" decoding=\"async\" src=\"https:\/\/www.cresponix.se\/wp-content\/uploads\/2023\/08\/shrimp-plate-1024x990.png\" alt=\"shrimp-plate\" itemprop=\"image\" height=\"990\" width=\"1024\" title=\"shrimp-plate\" onerror=\"this.style.display='none'\"  \/>\n\t<h3>Cresponix's<br \/>\nfinancial advantage<\/h3>\n<p><strong>Less feed, cheap energy and high survival rate.<\/strong><\/p>\n\u2022 Cresponix enables <strong>30% less<\/strong> feed use<br \/>\n(Feed is usually the mayor production cost factor).<br \/>\n\u2022 Powers the waste management with waste heat instead of electricity.<br \/>\n\u2022 High survival rate and a verified <strong>long-term stable system<\/strong>.<br \/>\n(There are systems in the tropics that are 10 years old and without complications or failure).\n<h3>\n\t\tFounders\n\t<\/h3>\n\t\t\t\t<img loading=\"lazy\" decoding=\"async\" src=\"https:\/\/www.cresponix.se\/wp-content\/uploads\/2023\/08\/Portratt-Mattias-244x300.png\" alt=\"Portra\u0308tt Mattias\" itemprop=\"image\" height=\"300\" width=\"244\" title=\"Portra\u0308tt Mattias\" onerror=\"this.style.display='none'\"  \/>\n\t<strong>Mattias Djurstedt<br \/>\n[CEO]<\/strong><br \/>\nB.Sc. Bio-entrepreneurship<br \/>\nLeadership, communication and<br \/>\nbusiness development.\n\t\t\t\t<img loading=\"lazy\" decoding=\"async\" src=\"https:\/\/www.cresponix.se\/wp-content\/uploads\/2023\/08\/nr2.png\" alt=\"nr2\" itemprop=\"image\" height=\"1493\" width=\"1898\" title=\"nr2\" onerror=\"this.style.display='none'\"  \/>\n\t<strong>Anders Kiessling<br \/>\n[Chief R&amp;D]<\/strong><br \/>\nProfessor in Aquaculture, SLU<br \/>\nAquaculture expert in nutrition, welfare<br \/>\nand sustainable feed.\n\t\t\t\t<img loading=\"lazy\" decoding=\"async\" src=\"https:\/\/www.cresponix.se\/wp-content\/uploads\/2023\/08\/n3.png\" alt=\"n3\" itemprop=\"image\" height=\"1475\" width=\"1898\" title=\"n3\" onerror=\"this.style.display='none'\"  \/>\n\t<strong>Sergio Zimmermann<br \/>\n[CTO]<\/strong><br \/>\nSenior Aquaculture Consultant<br \/>\nWorld-leading technology developer of<br \/>\nshrimp and fish farms.\n<h3>\n\t\tTeam\n\t<\/h3>\n\t\t\t\t<img loading=\"lazy\" decoding=\"async\" src=\"https:\/\/www.cresponix.se\/wp-content\/uploads\/2023\/08\/Untitled-sup.png\" alt=\"Untitled-sup\" itemprop=\"image\" height=\"1475\" width=\"1909\" title=\"Untitled-sup\" onerror=\"this.style.display='none'\"  \/>\n\t<strong>P\u00e4r Sv\u00e4rdson<br \/>\n[investor]<\/strong><br \/>\nSeries Entrepreneur<br \/>\nFounder of Apotea and Adlibris.\n\t\t\t\t<img loading=\"lazy\" decoding=\"async\" src=\"https:\/\/www.cresponix.se\/wp-content\/uploads\/2023\/08\/Untitled-sup2.png\" alt=\"Untitled-sup2\" itemprop=\"image\" height=\"1475\" width=\"1909\" title=\"Untitled-sup2\" onerror=\"this.style.display='none'\"  \/>\n\t<strong>Franci Dos Reis<br \/>\n[key staff]<\/strong><br \/>\nExperienced scampi farm operator<br \/>\nfrom Brazil. Former establisher of<br \/>\nscampi hatcheries.\n\t\t\t\t<img loading=\"lazy\" decoding=\"async\" src=\"https:\/\/www.cresponix.se\/wp-content\/uploads\/2023\/08\/Portratt-3.png\" alt=\"Portra\u0308tt 3\" itemprop=\"image\" height=\"356\" width=\"447\" title=\"Portra\u0308tt 3\" onerror=\"this.style.display='none'\"  \/>\n\t<strong>Ulrik Brand\u00e9n<br \/>\n[advisor]<\/strong><br \/>\nSenior Management Consultant,<br \/>\nCapital acquisition, business<br \/>\ndevelopment and board professional<br \/>\n(related to Kalmar Science Park in his business advisory role.)\n\t<h3>Feel free to contact us!<\/h3>\n<p>We believe in networking and are always open to new connections with interesting companies and individuals. To solve the puzzle of future sustainable food production, we all need to collaborate!<\/p>\n\t\t\t\t<img loading=\"lazy\" decoding=\"async\" src=\"https:\/\/www.cresponix.se\/wp-content\/uploads\/2025\/06\/medfinans-eu.webp\" alt=\"medfinans-eu\" itemprop=\"image\" height=\"200\" width=\"300\" title=\"medfinans-eu\" onerror=\"this.style.display='none'\"  \/>\n\t\n<div class=\"wpcf7 no-js\" id=\"wpcf7-f97-o1\" lang=\"sv-SE\" dir=\"ltr\">\n<div class=\"screen-reader-response\"><p role=\"status\" aria-live=\"polite\" aria-atomic=\"true\"><\/p> <ul><\/ul><\/div>\n<form action=\"\/en\/wp-json\/wp\/v2\/pages\/5#wpcf7-f97-o1\" method=\"post\" class=\"wpcf7-form init\" aria-label=\"Kontaktformul\u00e4r\" novalidate=\"novalidate\" data-status=\"init\" data-trp-original-action=\"\/en\/wp-json\/wp\/v2\/pages\/5#wpcf7-f97-o1\">\n<div style=\"display: none;\">\n<input type=\"hidden\" name=\"_wpcf7\" value=\"97\" \/>\n<input type=\"hidden\" name=\"_wpcf7_version\" value=\"5.8\" \/>\n<input type=\"hidden\" name=\"_wpcf7_locale\" value=\"sv_SE\" \/>\n<input type=\"hidden\" name=\"_wpcf7_unit_tag\" value=\"wpcf7-f97-o1\" \/>\n<input type=\"hidden\" name=\"_wpcf7_container_post\" value=\"0\" \/>\n<input type=\"hidden\" name=\"_wpcf7_posted_data_hash\" value=\"\" \/>\n<\/div>\n<p><label> Your name<br \/>\n<span class=\"wpcf7-form-control-wrap\" data-name=\"your-name\"><input size=\"40\" class=\"wpcf7-form-control wpcf7-text wpcf7-validates-as-required\" autocomplete=\"name\" aria-required=\"true\" aria-invalid=\"false\" value=\"\" type=\"text\" name=\"your-name\" \/><\/span> <\/label>\n<\/p>\n<p><label> Your email<br \/>\n<span class=\"wpcf7-form-control-wrap\" data-name=\"your-email\"><input size=\"40\" class=\"wpcf7-form-control wpcf7-email wpcf7-validates-as-required wpcf7-text wpcf7-validates-as-email\" autocomplete=\"email\" aria-required=\"true\" aria-invalid=\"false\" value=\"\" type=\"email\" name=\"your-email\" \/><\/span> <\/label>\n<\/p>\n<p><label> Your message<br \/>\n<span class=\"wpcf7-form-control-wrap\" data-name=\"your-message\"><textarea cols=\"40\" rows=\"10\" class=\"wpcf7-form-control wpcf7-textarea wpcf7-validates-as-required\" aria-required=\"true\" aria-invalid=\"false\" name=\"your-message\"><\/textarea><\/span> <\/label>\n<\/p>\n<p><span class=\"wpcf7-form-control-wrap\" data-name=\"quiz-635\"><label><span class=\"wpcf7-quiz-label\">Capital of Sweden? (Spam Check)<\/span> <input size=\"40\" class=\"wpcf7-form-control wpcf7-quiz\" autocomplete=\"off\" aria-required=\"true\" aria-invalid=\"false\" type=\"text\" name=\"quiz-635\" \/><\/label><input type=\"hidden\" name=\"_wpcf7_quiz_answer_quiz-635\" value=\"d3b1a5360e47779760efa6ba80fa0787\" \/><\/span>\n<\/p>\n<p><input class=\"wpcf7-form-control wpcf7-submit has-spinner\" type=\"submit\" value=\"Send\" \/>\n<\/p><div class=\"wpcf7-response-output\" aria-hidden=\"true\"><\/div>\n<input type=\"hidden\" name=\"trp-form-language\" value=\"en\"\/><\/form>\n<\/div>","protected":false},"excerpt":{"rendered":"<p>Vad \u00e4r Cresponix? Cresponix \u00e4r en patenterad teknologi f\u00f6r avfallshantering och produktion av foder f\u00f6r vattenbruk, som kombineras med v\u00e5r egenutvecklade infrastruktur f\u00f6r landbaserat vattenbruk. Patentet m\u00f6jligg\u00f6r uppf\u00f6dning av fisk och r\u00e4kor d\u00e4r 100% av restprodukterna i form av avf\u00f6ring och vatten \u00e5tervinns, samt anv\u00e4ndningen av ett lokalt producerat och h\u00e5llbart foder. Cresponix \u00e4r inte [&hellip;]<\/p>","protected":false},"author":1,"featured_media":0,"parent":0,"menu_order":0,"comment_status":"closed","ping_status":"closed","template":"page-templates\/template-pagebuilder.php","meta":{"_genesis_hide_title":false,"_genesis_hide_breadcrumbs":false,"_genesis_hide_singular_image":false,"_genesis_hide_footer_widgets":false,"_genesis_custom_body_class":"","_genesis_custom_post_class":"","_genesis_layout":"","footnotes":""},"class_list":{"0":"post-5","1":"page","2":"type-page","3":"status-publish","5":"entry"},"acf":[],"yoast_head":"<!-- This site is optimized with the Yoast SEO plugin v20.13 - https:\/\/yoast.com\/wordpress\/plugins\/seo\/ -->\n<title>Hem - Cresponix<\/title>\n<meta name=\"robots\" content=\"index, follow, max-snippet:-1, max-image-preview:large, max-video-preview:-1\" \/>\n<link rel=\"canonical\" href=\"https:\/\/www.cresponix.se\/en\/\" \/>\n<meta property=\"og:locale\" content=\"en_US\" \/>\n<meta property=\"og:type\" content=\"article\" \/>\n<meta property=\"og:title\" content=\"Hem - Cresponix\" \/>\n<meta property=\"og:description\" content=\"Vad \u00e4r Cresponix? Cresponix \u00e4r en patenterad teknologi f\u00f6r avfallshantering och produktion av foder f\u00f6r vattenbruk, som kombineras med v\u00e5r egenutvecklade infrastruktur f\u00f6r landbaserat vattenbruk. Patentet m\u00f6jligg\u00f6r uppf\u00f6dning av fisk och r\u00e4kor d\u00e4r 100% av restprodukterna i form av avf\u00f6ring och vatten \u00e5tervinns, samt anv\u00e4ndningen av ett lokalt producerat och h\u00e5llbart foder. Cresponix \u00e4r inte [&hellip;]\" \/>\n<meta property=\"og:url\" content=\"https:\/\/www.cresponix.se\/en\/\" \/>\n<meta property=\"og:site_name\" content=\"Cresponix\" \/>\n<meta property=\"article:modified_time\" content=\"2025-06-11T09:29:03+00:00\" \/>\n<meta property=\"og:image\" content=\"https:\/\/www.cresponix.se\/wp-content\/uploads\/2023\/08\/logo.png\" \/>\n<meta name=\"twitter:card\" content=\"summary_large_image\" \/>\n<meta name=\"twitter:label1\" content=\"Est. reading time\" \/>\n\t<meta name=\"twitter:data1\" content=\"3 minutes\" \/>\n<script type=\"application\/ld+json\" class=\"yoast-schema-graph\">{\"@context\":\"https:\/\/schema.org\",\"@graph\":[{\"@type\":\"WebPage\",\"@id\":\"https:\/\/www.cresponix.se\/\",\"url\":\"https:\/\/www.cresponix.se\/\",\"name\":\"Hem - Cresponix\",\"isPartOf\":{\"@id\":\"https:\/\/www.cresponix.se\/#website\"},\"datePublished\":\"2023-08-01T11:34:29+00:00\",\"dateModified\":\"2025-06-11T09:29:03+00:00\",\"breadcrumb\":{\"@id\":\"https:\/\/www.cresponix.se\/#breadcrumb\"},\"inLanguage\":\"en-US\",\"potentialAction\":[{\"@type\":\"ReadAction\",\"target\":[\"https:\/\/www.cresponix.se\/\"]}]},{\"@type\":\"BreadcrumbList\",\"@id\":\"https:\/\/www.cresponix.se\/#breadcrumb\",\"itemListElement\":[{\"@type\":\"ListItem\",\"position\":1,\"name\":\"Hem\",\"item\":\"https:\/\/www.cresponix.se\/\"},{\"@type\":\"ListItem\",\"position\":2,\"name\":\"Hem\"}]},{\"@type\":\"WebSite\",\"@id\":\"https:\/\/www.cresponix.se\/#website\",\"url\":\"https:\/\/www.cresponix.se\/\",\"name\":\"Cresponix\",\"description\":\"\",\"potentialAction\":[{\"@type\":\"SearchAction\",\"target\":{\"@type\":\"EntryPoint\",\"urlTemplate\":\"https:\/\/www.cresponix.se\/?s={search_term_string}\"},\"query-input\":\"required name=search_term_string\"}],\"inLanguage\":\"en-US\"}]}<\/script>\n<!-- \/ Yoast SEO plugin. -->","yoast_head_json":{"title":"Hem - Cresponix","robots":{"index":"index","follow":"follow","max-snippet":"max-snippet:-1","max-image-preview":"max-image-preview:large","max-video-preview":"max-video-preview:-1"},"canonical":"https:\/\/www.cresponix.se\/en\/","og_locale":"en_US","og_type":"article","og_title":"Hem - Cresponix","og_description":"Vad \u00e4r Cresponix? Cresponix \u00e4r en patenterad teknologi f\u00f6r avfallshantering och produktion av foder f\u00f6r vattenbruk, som kombineras med v\u00e5r egenutvecklade infrastruktur f\u00f6r landbaserat vattenbruk. Patentet m\u00f6jligg\u00f6r uppf\u00f6dning av fisk och r\u00e4kor d\u00e4r 100% av restprodukterna i form av avf\u00f6ring och vatten \u00e5tervinns, samt anv\u00e4ndningen av ett lokalt producerat och h\u00e5llbart foder. Cresponix \u00e4r inte [&hellip;]","og_url":"https:\/\/www.cresponix.se\/en\/","og_site_name":"Cresponix","article_modified_time":"2025-06-11T09:29:03+00:00","og_image":[{"url":"https:\/\/www.cresponix.se\/wp-content\/uploads\/2023\/08\/logo.png"}],"twitter_card":"summary_large_image","twitter_misc":{"Est. reading time":"3 minutes"},"schema":{"@context":"https:\/\/schema.org","@graph":[{"@type":"WebPage","@id":"https:\/\/www.cresponix.se\/","url":"https:\/\/www.cresponix.se\/","name":"Hem - Cresponix","isPartOf":{"@id":"https:\/\/www.cresponix.se\/#website"},"datePublished":"2023-08-01T11:34:29+00:00","dateModified":"2025-06-11T09:29:03+00:00","breadcrumb":{"@id":"https:\/\/www.cresponix.se\/#breadcrumb"},"inLanguage":"en-US","potentialAction":[{"@type":"ReadAction","target":["https:\/\/www.cresponix.se\/"]}]},{"@type":"BreadcrumbList","@id":"https:\/\/www.cresponix.se\/#breadcrumb","itemListElement":[{"@type":"ListItem","position":1,"name":"Hem","item":"https:\/\/www.cresponix.se\/"},{"@type":"ListItem","position":2,"name":"Hem"}]},{"@type":"WebSite","@id":"https:\/\/www.cresponix.se\/#website","url":"https:\/\/www.cresponix.se\/","name":"Cresponix","description":"","potentialAction":[{"@type":"SearchAction","target":{"@type":"EntryPoint","urlTemplate":"https:\/\/www.cresponix.se\/?s={search_term_string}"},"query-input":"required name=search_term_string"}],"inLanguage":"en-US"}]}},"_links":{"self":[{"href":"https:\/\/www.cresponix.se\/en\/wp-json\/wp\/v2\/pages\/5","targetHints":{"allow":["GET"]}}],"collection":[{"href":"https:\/\/www.cresponix.se\/en\/wp-json\/wp\/v2\/pages"}],"about":[{"href":"https:\/\/www.cresponix.se\/en\/wp-json\/wp\/v2\/types\/page"}],"author":[{"embeddable":true,"href":"https:\/\/www.cresponix.se\/en\/wp-json\/wp\/v2\/users\/1"}],"replies":[{"embeddable":true,"href":"https:\/\/www.cresponix.se\/en\/wp-json\/wp\/v2\/comments?post=5"}],"version-history":[{"count":55,"href":"https:\/\/www.cresponix.se\/en\/wp-json\/wp\/v2\/pages\/5\/revisions"}],"predecessor-version":[{"id":203,"href":"https:\/\/www.cresponix.se\/en\/wp-json\/wp\/v2\/pages\/5\/revisions\/203"}],"wp:attachment":[{"href":"https:\/\/www.cresponix.se\/en\/wp-json\/wp\/v2\/media?parent=5"}],"curies":[{"name":"wp","href":"https:\/\/api.w.org\/{rel}","templated":true}]}}